{"id":159,"date":"2025-11-20T15:55:26","date_gmt":"2025-11-20T14:55:26","guid":{"rendered":"https:\/\/anarchietagegiessen.noblogs.org\/?page_id=159"},"modified":"2025-11-20T16:05:09","modified_gmt":"2025-11-20T15:05:09","slug":"aufruf","status":"publish","type":"page","link":"https:\/\/anarchietagegiessen.noblogs.org\/fr\/aufruf\/","title":{"rendered":"Appel \u00e0 participation"},"content":{"rendered":"\n<figure class=\"wp-block-image size-full\"><img loading=\"lazy\" decoding=\"async\" width=\"815\" height=\"1164\" src=\"https:\/\/anarchietagegiessen.noblogs.org\/files\/2025\/11\/signal-2025-11-12-015825_002-1.jpeg\" alt=\"\" class=\"wp-image-115\" srcset=\"https:\/\/anarchietagegiessen.noblogs.org\/files\/2025\/11\/signal-2025-11-12-015825_002-1.jpeg 815w, https:\/\/anarchietagegiessen.noblogs.org\/files\/2025\/11\/signal-2025-11-12-015825_002-1-210x300.jpeg 210w, https:\/\/anarchietagegiessen.noblogs.org\/files\/2025\/11\/signal-2025-11-12-015825_002-1-717x1024.jpeg 717w, https:\/\/anarchietagegiessen.noblogs.org\/files\/2025\/11\/signal-2025-11-12-015825_002-1-768x1097.jpeg 768w\" sizes=\"auto, (max-width: 815px) 100vw, 815px\" \/><\/figure>\n\n\n\n<p class=\"has-text-align-left\"><\/p>\n\n\n\n<p>Les 29 et 30 novembre 2025, l&rsquo;organisation de jeunesse du parti AfD pr\u00e9voit de se r\u00e9unir \u00e0 nouveau dans les Hessenhallen \u00e0 Giessen. De nombreux partis et syndicats ont annonc\u00e9 leur intention de manifester contre cet \u00e9v\u00e9nement. Pourtant, la politique de ces partis ne diff\u00e8re plus tellement de celle de l&rsquo;AfD. M\u00eame des partis comme les Verts et le SPD adoptent des positions de plus en plus \u00e0 droite et mettent en \u0153uvre des politiques racistes et misanthropes. Parmi les exemples r\u00e9cents, on peut citer le GEAS, la cr\u00e9ation de camps de concentration aux fronti\u00e8res ext\u00e9rieures de l&rsquo;UE ou la carte de paiement raciste. Tout cela ne vient pas de l&rsquo;AfD, mais du SPD, des Verts et du FDP. Les syndicats s&rsquo;opposent \u00e9galement, l\u00e0 o\u00f9 ils le peuvent (bassins houillers, industrie automobile), \u00e0 la transformation socio-\u00e9cologique et adoptent de plus en plus des discours de droite. Par exemple, contrairement \u00e0 ses statuts, l&rsquo;IG Metall appelle \u00e0 l&rsquo;armement et la DGB pr\u00f4ne la capacit\u00e9 de guerre (qu&rsquo;elle appelle par euph\u00e9misme \u00ab capacit\u00e9 de d\u00e9fense \u00bb).<\/p>\n\n\n\n<p>\u00ab L&rsquo;AfD fa\u00e7onne depuis longtemps d\u00e9j\u00e0 la politique du gouvernement depuis l&rsquo;opposition. \u00bb inconnu<\/p>\n\n\n\n<p>Nous consid\u00e9rons donc que la protestation de ces organisations n&rsquo;est pas cr\u00e9dible. Nous voulons protester contre le congr\u00e8s de refondation de l&rsquo;organisation de jeunesse de l&rsquo;AfD lors du camp de protestation anarchiste du 26 novembre au 1er d\u00e9cembre 2025, de mani\u00e8re auto-organis\u00e9e, avec peu de hi\u00e9rarchie, ind\u00e9pendamment des partis et des organisations, et aborder le soi-disant \u00ab virage \u00e0 droite \u00bb d&rsquo;un point de vue anarchiste.<\/p>\n\n\n\n<p>Si toi aussi tu veux manifester contre l&rsquo;AfD et son congr\u00e8s, mais que tu n&rsquo;as pas envie de te retrouver face \u00e0 la propagande des partis et des organisations, tu es au bon endroit.<\/p>\n\n\n\n<p>Si tu souhaites nous aider avant le camp, inscris-toi sous Contact.<\/p>\n\n\n\n<p>Tu trouveras ici des informations sur comment venir.<\/p>\n\n\n\n<p>Le programme provisoire est disponible ici.<\/p>\n\n\n\n<p>Rendez-vous aux Journ\u00e9es de l&rsquo;anarchie !<\/p>\n\n\n\n<p>Dates importantes :<\/p>\n\n\n\n<p>O\u00f9 : Rodheimer Stra\u00dfe (camp de protestation et ateliers) et Lehmweg (manifestations contre le congr\u00e8s du parti AfD) \u00e0 Giessen.<\/p>\n\n\n\n<p>Quand : du 26 novembre 2025 au 1er d\u00e9cembre 2025.<br \/><br \/><a href=\"https:\/\/www.openstreetmap.org\/#map=19\/50.586798\/8.657996\">https:\/\/www.openstreetmap.org\/#map=19\/50.586798\/8.657996<\/a><br \/><br \/><br \/><\/p>\n\n\n\n<figure class=\"wp-block-image size-large\"><img loading=\"lazy\" decoding=\"async\" width=\"1024\" height=\"656\" src=\"https:\/\/anarchietagegiessen.noblogs.org\/files\/2025\/11\/karte_protestcamp3-1024x656.png\" alt=\"\" class=\"wp-image-135\" srcset=\"https:\/\/anarchietagegiessen.noblogs.org\/files\/2025\/11\/karte_protestcamp3-1024x656.png 1024w, https:\/\/anarchietagegiessen.noblogs.org\/files\/2025\/11\/karte_protestcamp3-300x192.png 300w, https:\/\/anarchietagegiessen.noblogs.org\/files\/2025\/11\/karte_protestcamp3-768x492.png 768w, https:\/\/anarchietagegiessen.noblogs.org\/files\/2025\/11\/karte_protestcamp3.png 1047w\" sizes=\"auto, (max-width: 1024px) 100vw, 1024px\" \/><\/figure>\n","protected":false},"excerpt":{"rendered":"<p>Les 29 et 30 novembre 2025, l&rsquo;organisation de jeunesse du parti AfD pr\u00e9voit de se r\u00e9unir \u00e0 nouveau dans les Hessenhallen \u00e0 Giessen. De nombreux partis et syndicats ont annonc\u00e9 leur intention de manifester contre cet \u00e9v\u00e9nement. Pourtant, la politique de ces partis ne diff\u00e8re plus tellement de celle de l&rsquo;AfD. M\u00eame des partis comme [&hellip;]<\/p>\n","protected":false},"author":21426,"featured_media":0,"parent":0,"menu_order":0,"comment_status":"open","ping_status":"closed","template":"","meta":{"_locale":"fr_FR","_original_post":"https:\/\/anarchietagegiessen.noblogs.org\/?page_id=10","footnotes":""},"class_list":["post-159","page","type-page","status-publish","hentry","fr-FR"],"_links":{"self":[{"href":"https:\/\/anarchietagegiessen.noblogs.org\/wp-json\/wp\/v2\/pages\/159","targetHints":{"allow":["GET"]}}],"collection":[{"href":"https:\/\/anarchietagegiessen.noblogs.org\/wp-json\/wp\/v2\/pages"}],"about":[{"href":"https:\/\/anarchietagegiessen.noblogs.org\/wp-json\/wp\/v2\/types\/page"}],"author":[{"embeddable":true,"href":"https:\/\/anarchietagegiessen.noblogs.org\/wp-json\/wp\/v2\/users\/21426"}],"replies":[{"embeddable":true,"href":"https:\/\/anarchietagegiessen.noblogs.org\/wp-json\/wp\/v2\/comments?post=159"}],"version-history":[{"count":2,"href":"https:\/\/anarchietagegiessen.noblogs.org\/wp-json\/wp\/v2\/pages\/159\/revisions"}],"predecessor-version":[{"id":169,"href":"https:\/\/anarchietagegiessen.noblogs.org\/wp-json\/wp\/v2\/pages\/159\/revisions\/169"}],"wp:attachment":[{"href":"https:\/\/anarchietagegiessen.noblogs.org\/wp-json\/wp\/v2\/media?parent=159"}],"curies":[{"name":"wp","href":"https:\/\/api.w.org\/{rel}","templated":true}]}}