{"id":156,"date":"2025-11-20T15:56:24","date_gmt":"2025-11-20T14:56:24","guid":{"rendered":"https:\/\/anarchietagegiessen.noblogs.org\/?page_id=156"},"modified":"2025-11-20T15:56:24","modified_gmt":"2025-11-20T14:56:24","slug":"aufruf","status":"publish","type":"page","link":"https:\/\/anarchietagegiessen.noblogs.org\/es\/aufruf\/","title":{"rendered":"Llamamiento a la participaci\u00f3n"},"content":{"rendered":"\n<figure class=\"wp-block-image size-full\"><img loading=\"lazy\" decoding=\"async\" width=\"815\" height=\"1164\" src=\"https:\/\/anarchietagegiessen.noblogs.org\/files\/2025\/11\/signal-2025-11-12-015825_002-1.jpeg\" alt=\"\" class=\"wp-image-115\" srcset=\"https:\/\/anarchietagegiessen.noblogs.org\/files\/2025\/11\/signal-2025-11-12-015825_002-1.jpeg 815w, https:\/\/anarchietagegiessen.noblogs.org\/files\/2025\/11\/signal-2025-11-12-015825_002-1-210x300.jpeg 210w, https:\/\/anarchietagegiessen.noblogs.org\/files\/2025\/11\/signal-2025-11-12-015825_002-1-717x1024.jpeg 717w, https:\/\/anarchietagegiessen.noblogs.org\/files\/2025\/11\/signal-2025-11-12-015825_002-1-768x1097.jpeg 768w\" sizes=\"auto, (max-width: 815px) 100vw, 815px\" \/><\/figure>\n\n\n\n<p class=\"has-text-align-left\"><\/p>\n\n\n\n<p>Los d\u00edas 29 y 30 de noviembre de 2025, la organizaci\u00f3n juvenil del partido AfD tiene previsto volver a constituirse en el Hessenhallen de Gie\u00dfen. Numerosos partidos y sindicatos han anunciado protestas contra esta iniciativa. Sin embargo, la pol\u00edtica de estos partidos ya no difiere tanto de la del AfD. Partidos como los Verdes y el SPD tambi\u00e9n defienden posiciones cada vez m\u00e1s derechistas y aplican pol\u00edticas racistas y mis\u00e1ntropas. Ejemplos recientes son, entre otros, el GEAS, la creaci\u00f3n de campos de concentraci\u00f3n en las fronteras exteriores de la UE o la tarjeta de pago racista. Todo ello no proviene del AfD, sino del SPD, los Verdes y el FDP. Los sindicatos tambi\u00e9n se oponen, siempre que pueden (en las cuencas mineras de lignito y en la industria automovil\u00edstica), a la transformaci\u00f3n socioecol\u00f3gica y adoptan cada vez m\u00e1s discursos de derecha. Por ejemplo, el sindicato IG Metall, en contra de sus estatutos, llama al rearme, y la Confederaci\u00f3n Alemana de Sindicatos (DGB) propaga la aptitud para la guerra (y lo llama eufem\u00edsticamente \u00abpreparaci\u00f3n para la defensa\u00bb).<\/p>\n\n\n\n<p>\u00abLa AfD lleva mucho tiempo configurando la pol\u00edtica del Gobierno desde la oposici\u00f3n\u00bb. Desconocido<\/p>\n\n\n\n<p>Por lo tanto, consideramos que la protesta de estas organizaciones carece de credibilidad. En el campamento de protesta anarquista del 26\/11\/25 al 1\/12\/25 queremos protestar de forma autoorganizada, con poca jerarqu\u00eda y sin afiliaci\u00f3n a partidos ni organizaciones contra el congreso de refundaci\u00f3n de la organizaci\u00f3n juvenil de la AfD y abordar desde una perspectiva anarquista el eufem\u00edsticamente denominado \u00abgiro a la derecha\u00bb.<\/p>\n\n\n\n<p>Si t\u00fa tambi\u00e9n quieres manifestarte contra la AfD y su congreso, pero no te apetece la propaganda de partidos y organizaciones, este es tu sitio.<\/p>\n\n\n\n<p>Si quieres ayudar antes, ponte en contacto con nosotros.<\/p>\n\n\n\n<p>Aqu\u00ed encontrar\u00e1s informaci\u00f3n sobre c\u00f3mo llegar.<\/p>\n\n\n\n<p>El programa provisional est\u00e1 disponible aqu\u00ed.<\/p>\n\n\n\n<p>\u00a1Nos vemos en las Jornadas Anarquistas!<\/p>\n\n\n\n<p>Datos importantes:<\/p>\n\n\n\n<p>D\u00f3nde: Rodheimer Stra\u00dfe (campamento de protesta y talleres) y Lehmweg (manifestaciones contra el congreso del partido AfD) en Gie\u00dfen.<\/p>\n\n\n\n<p class=\"has-text-align-left\">Cu\u00e1ndo: del 26 de noviembre al 1 de diciembre de 2025.<\/p>\n","protected":false},"excerpt":{"rendered":"<p>Los d\u00edas 29 y 30 de noviembre de 2025, la organizaci\u00f3n juvenil del partido AfD tiene previsto volver a constituirse en el Hessenhallen de Gie\u00dfen. Numerosos partidos y sindicatos han anunciado protestas contra esta iniciativa. Sin embargo, la pol\u00edtica de estos partidos ya no difiere tanto de la del AfD. Partidos como los Verdes y [&hellip;]<\/p>\n","protected":false},"author":21426,"featured_media":0,"parent":0,"menu_order":0,"comment_status":"open","ping_status":"closed","template":"","meta":{"_locale":"es_ES","_original_post":"https:\/\/anarchietagegiessen.noblogs.org\/?page_id=10","footnotes":""},"class_list":["post-156","page","type-page","status-publish","hentry","es-ES"],"_links":{"self":[{"href":"https:\/\/anarchietagegiessen.noblogs.org\/wp-json\/wp\/v2\/pages\/156","targetHints":{"allow":["GET"]}}],"collection":[{"href":"https:\/\/anarchietagegiessen.noblogs.org\/wp-json\/wp\/v2\/pages"}],"about":[{"href":"https:\/\/anarchietagegiessen.noblogs.org\/wp-json\/wp\/v2\/types\/page"}],"author":[{"embeddable":true,"href":"https:\/\/anarchietagegiessen.noblogs.org\/wp-json\/wp\/v2\/users\/21426"}],"replies":[{"embeddable":true,"href":"https:\/\/anarchietagegiessen.noblogs.org\/wp-json\/wp\/v2\/comments?post=156"}],"version-history":[{"count":1,"href":"https:\/\/anarchietagegiessen.noblogs.org\/wp-json\/wp\/v2\/pages\/156\/revisions"}],"predecessor-version":[{"id":166,"href":"https:\/\/anarchietagegiessen.noblogs.org\/wp-json\/wp\/v2\/pages\/156\/revisions\/166"}],"wp:attachment":[{"href":"https:\/\/anarchietagegiessen.noblogs.org\/wp-json\/wp\/v2\/media?parent=156"}],"curies":[{"name":"wp","href":"https:\/\/api.w.org\/{rel}","templated":true}]}}